{"id":799,"date":"2021-08-17T20:20:10","date_gmt":"2021-08-17T20:20:10","guid":{"rendered":"http:\/\/www.ayampe.org\/?page_id=799"},"modified":"2021-08-17T20:20:11","modified_gmt":"2021-08-17T20:20:11","slug":"test-news","status":"publish","type":"page","link":"https:\/\/www.ayampe.org\/es\/test-news\/","title":{"rendered":"test news"},"content":{"rendered":"<div class=\"base-section\"><div class=\"container\">\n\n<section class=\"news\">\n  <div class=\"container-fluid\">\n    <div class=\"row\">\n      <div class=\"col-12\">\n        <div class=\"row justify-content-center justify-content-xl-start\">\n                                              <div class=\"col-11 col-sm-8 col-md-6 col-lg-3\">\n                <div class=\"enjoy-post\">\n                  <div class=\"image-holder bg-stretch\">\n      <span data-srcset=\"https:\/\/www.ayampe.org\/wp-content\/uploads\/2021\/11\/DSC03818-255x161.jpg, https:\/\/www.ayampe.org\/wp-content\/uploads\/2021\/11\/DSC03818-510x322.jpg 2x\"><\/span>\n    <\/div>                  <div class=\"enjoy-content\">\n                    <div class=\"text-holder\">\n                                            <h2>La vida de un \u2018Artesano\u2019 en...<\/h2>\n                      <p>Los artistas son un grupo de personas prodigiosas porque pueden crear y observar cosas \u00fanicas y originales. Ellos pueden embellecer una ciudad, una casa o una vida a trav\u00e9s de sus talentos. Dentro de un...<\/p>\n                    <\/div>\n                    <div class=\"button-wrapper\">\n                      <a class=\"btn btn-outline-primary\" href=\"https:\/\/www.ayampe.org\/es\/la-vida-de-un-artesano-en-el-mar\/\">Lee mas<\/a>\n                    <\/div>\n                  <\/div>\n                <\/div>\n              <\/div>\n                          <div class=\"col-11 col-sm-8 col-md-6 col-lg-3\">\n                <div class=\"enjoy-post\">\n                  <div class=\"image-holder bg-stretch\">\n      <span data-srcset=\"https:\/\/www.ayampe.org\/wp-content\/uploads\/2021\/11\/DSC03852-255x161.jpg, https:\/\/www.ayampe.org\/wp-content\/uploads\/2021\/11\/DSC03852-510x322.jpg 2x\"><\/span>\n    <\/div>                  <div class=\"enjoy-content\">\n                    <div class=\"text-holder\">\n                                            <h2>Resiliencia en Ayampe<\/h2>\n                      <p>El a\u00f1o 2020 para el mundo fue un golpe muy duro, donde miles y miles de personas fallecieron. Negocios sufrieron grandes p\u00e9rdidas e incluso algunos cerraron. La crisis mundial por el COVID 19 afect\u00f3 a...<\/p>\n                    <\/div>\n                    <div class=\"button-wrapper\">\n                      <a class=\"btn btn-outline-primary\" href=\"https:\/\/www.ayampe.org\/es\/resiliencia-en-ayampe\/\">Lee mas<\/a>\n                    <\/div>\n                  <\/div>\n                <\/div>\n              <\/div>\n                          <div class=\"col-11 col-sm-8 col-md-6 col-lg-3\">\n                <div class=\"enjoy-post\">\n                  <div class=\"image-holder bg-stretch\">\n      <span data-srcset=\"https:\/\/www.ayampe.org\/wp-content\/uploads\/2021\/06\/r0-AYA-1199363960405715-veggies-255x161.png, https:\/\/www.ayampe.org\/wp-content\/uploads\/2021\/06\/r0-AYA-1199363960405715-veggies-510x322.png 2x\"><\/span>\n    <\/div>                  <div class=\"enjoy-content\">\n                    <div class=\"text-holder\">\n                                            <h2>La Cultura \u00abVeggie\u00bb en Ayampe<\/h2>\n                      <p>A nivel mundial la cultura de ser vegano o vegetariano contin\u00faa creciendo y Ayampe no se queda atr\u00e1s. Es que precisamente la diversidad de nacionalidades que habitan en este c\u00e1lido pueblo, hacen que los extranjeros...<\/p>\n                    <\/div>\n                    <div class=\"button-wrapper\">\n                      <a class=\"btn btn-outline-primary\" href=\"https:\/\/www.ayampe.org\/es\/la-cultura-veggie-en-ayampe\/\">Lee mas<\/a>\n                    <\/div>\n                  <\/div>\n                <\/div>\n              <\/div>\n                          <div class=\"col-11 col-sm-8 col-md-6 col-lg-3\">\n                <div class=\"enjoy-post\">\n                  <div class=\"image-holder bg-stretch\">\n      <span data-srcset=\"https:\/\/www.ayampe.org\/wp-content\/uploads\/2021\/06\/r0-AYA-1199363960405715-birds-copy-255x161.jpg, https:\/\/www.ayampe.org\/wp-content\/uploads\/2021\/06\/r0-AYA-1199363960405715-birds-copy-510x322.jpg 2x\"><\/span>\n    <\/div>                  <div class=\"enjoy-content\">\n                    <div class=\"text-holder\">\n                                            <h2>Ayampe El \u00abHotspot\u00bb de las Aves<\/h2>\n                      <p>\u00bfSab\u00edas que el segundo colibr\u00ed m\u00e1s peque\u00f1o del mundo se encuentra en Ayampe? Este peque\u00f1o animalito se llama Estrellita Esmeralde\u00f1a y vive en los bosques h\u00famedos como lo es este lugar. Este bosque en Ayampe...<\/p>\n                    <\/div>\n                    <div class=\"button-wrapper\">\n                      <a class=\"btn btn-outline-primary\" href=\"https:\/\/www.ayampe.org\/es\/ayampe-el-hotspot-de-las-aves\/\">Lee mas<\/a>\n                    <\/div>\n                  <\/div>\n                <\/div>\n              <\/div>\n                          <div class=\"col-11 col-sm-8 col-md-6 col-lg-3\">\n                <div class=\"enjoy-post\">\n                  <div class=\"image-holder bg-stretch\">\n      <span data-srcset=\"https:\/\/www.ayampe.org\/wp-content\/uploads\/2021\/06\/r0-AYA-1199363960405715-HOPE-255x161.png, https:\/\/www.ayampe.org\/wp-content\/uploads\/2021\/06\/r0-AYA-1199363960405715-HOPE-510x322.png 2x\"><\/span>\n    <\/div>                  <div class=\"enjoy-content\">\n                    <div class=\"text-holder\">\n                                            <h2>Una Esperanza para Vivir en el...<\/h2>\n                      <p>\u00bfSab\u00eda que vivir desconectado de la naturaleza est\u00e1 trayendo serias consecuencias a la humanidad? Al parecer la prisa por hacer dinero y obtener bienes materiales est\u00e1n llevando a una sociedad a encerrarse en sus cuatro...<\/p>\n                    <\/div>\n                    <div class=\"button-wrapper\">\n                      <a class=\"btn btn-outline-primary\" href=\"https:\/\/www.ayampe.org\/es\/una-esperanza-para-vivir-en-el-mundo\/\">Lee mas<\/a>\n                    <\/div>\n                  <\/div>\n                <\/div>\n              <\/div>\n                          <div class=\"col-11 col-sm-8 col-md-6 col-lg-3\">\n                <div class=\"enjoy-post\">\n                  <div class=\"image-holder bg-stretch\">\n      <span data-srcset=\"https:\/\/www.ayampe.org\/wp-content\/uploads\/2021\/06\/r0-AYA-1199363960405715-surf-255x161.png, https:\/\/www.ayampe.org\/wp-content\/uploads\/2021\/06\/r0-AYA-1199363960405715-surf-510x322.png 2x\"><\/span>\n    <\/div>                  <div class=\"enjoy-content\">\n                    <div class=\"text-holder\">\n                                            <h2>5 Razones por las que el...<\/h2>\n                      <p>\u201cLa alegr\u00eda del surf es una combinaci\u00f3n de muchas cosas, desde el ejercicio f\u00edsico y el desaf\u00edo, hasta el lado mental del deporte\u201d. Kelly SlaterCuando escuchamos la palabra \u2018surf\u2019 inmediatamente en nuestra imaginaci\u00f3n nos encontramos...<\/p>\n                    <\/div>\n                    <div class=\"button-wrapper\">\n                      <a class=\"btn btn-outline-primary\" href=\"https:\/\/www.ayampe.org\/es\/5-razones-por-las-que-el-surf-cambiara-tu-vida\/\">Lee mas<\/a>\n                    <\/div>\n                  <\/div>\n                <\/div>\n              <\/div>\n                          <div class=\"col-11 col-sm-8 col-md-6 col-lg-3\">\n                <div class=\"enjoy-post\">\n                  <div class=\"image-holder bg-stretch\">\n      <span data-srcset=\"https:\/\/www.ayampe.org\/wp-content\/uploads\/2020\/02\/img-05-2x-255x161.jpg, https:\/\/www.ayampe.org\/wp-content\/uploads\/2020\/02\/img-05-2x-510x322.jpg 2x\"><\/span>\n    <\/div>                  <div class=\"enjoy-content\">\n                    <div class=\"text-holder\">\n                                            <h2>D\u00d3NDE ES ECUADOR?<\/h2>\n                      <p>Te suenan familiar la tortugas gal\u00e1pagos, o el famoso descubrimiento de Charles Darwin donde se inspir\u00f3 para desarrollar la teor\u00eda de la evoluci\u00f3n de las especies, o tambi\u00e9n los volcanes imponentes donde puedes escalar y...<\/p>\n                    <\/div>\n                    <div class=\"button-wrapper\">\n                      <a class=\"btn btn-outline-primary\" href=\"https:\/\/www.ayampe.org\/es\/donde-es-ecuador\/\">Lee mas<\/a>\n                    <\/div>\n                  <\/div>\n                <\/div>\n              <\/div>\n                          <div class=\"col-11 col-sm-8 col-md-6 col-lg-3\">\n                <div class=\"enjoy-post\">\n                  <div class=\"image-holder bg-stretch\">\n      <span data-srcset=\"https:\/\/www.ayampe.org\/wp-content\/uploads\/2020\/02\/img-01-2x-255x161.jpg, https:\/\/www.ayampe.org\/wp-content\/uploads\/2020\/02\/img-01-2x-510x322.jpg 2x\"><\/span>\n    <\/div>                  <div class=\"enjoy-content\">\n                    <div class=\"text-holder\">\n                                            <h2>CELEBRA LA VIDA<\/h2>\n                      <p>Si eres de los que planifica un viaje con tu familia, amigos o pareja, este puede ser una excelente opci\u00f3n para disfrutar una experiencia inolvidable. Prepara bien tu c\u00e1mara porque una foto o video no...<\/p>\n                    <\/div>\n                    <div class=\"button-wrapper\">\n                      <a class=\"btn btn-outline-primary\" href=\"https:\/\/www.ayampe.org\/es\/celebra-la-vida\/\">Lee mas<\/a>\n                    <\/div>\n                  <\/div>\n                <\/div>\n              <\/div>\n                              <\/div>\n      <\/div>\n    <\/div>\n    <div class=\"row\">\n        <div class=\"col-12 text-center\">\n          <a class=\"btn btn-outline-primary\" href=\"https:\/\/www.ayampe.org\/es\/noticias-en-ayampe\/\">M\u00e1s publicaciones<\/a><\/div>\n      <\/div>\n  <\/div>\n<\/section>\n\n\n<\/div><\/div>","protected":false},"excerpt":{"rendered":"","protected":false},"author":3,"featured_media":0,"parent":0,"menu_order":0,"comment_status":"closed","ping_status":"closed","template":"","meta":{"_acf_changed":false,"footnotes":""},"class_list":["post-799","page","type-page","status-publish","hentry"],"acf":[],"_links":{"self":[{"href":"https:\/\/www.ayampe.org\/es\/wp-json\/wp\/v2\/pages\/799","targetHints":{"allow":["GET"]}}],"collection":[{"href":"https:\/\/www.ayampe.org\/es\/wp-json\/wp\/v2\/pages"}],"about":[{"href":"https:\/\/www.ayampe.org\/es\/wp-json\/wp\/v2\/types\/page"}],"author":[{"embeddable":true,"href":"https:\/\/www.ayampe.org\/es\/wp-json\/wp\/v2\/users\/3"}],"replies":[{"embeddable":true,"href":"https:\/\/www.ayampe.org\/es\/wp-json\/wp\/v2\/comments?post=799"}],"version-history":[{"count":1,"href":"https:\/\/www.ayampe.org\/es\/wp-json\/wp\/v2\/pages\/799\/revisions"}],"predecessor-version":[{"id":800,"href":"https:\/\/www.ayampe.org\/es\/wp-json\/wp\/v2\/pages\/799\/revisions\/800"}],"wp:attachment":[{"href":"https:\/\/www.ayampe.org\/es\/wp-json\/wp\/v2\/media?parent=799"}],"curies":[{"name":"wp","href":"https:\/\/api.w.org\/{rel}","templated":true}]}}